{"id":10291,"date":"2025-01-09T13:45:35","date_gmt":"2025-01-09T13:45:35","guid":{"rendered":"https:\/\/omegavintagewatch.com\/terms-privacy\/"},"modified":"2025-12-08T17:06:13","modified_gmt":"2025-12-08T17:06:13","slug":"terms-privacy","status":"publish","type":"page","link":"https:\/\/omegavintagewatch.com\/en\/terms-privacy\/","title":{"rendered":"Terms &amp; Privacy"},"content":{"rendered":"\n[row padding=&#8221;50px 0px 0px 0px&#8221;]\n\n[col span__sm=&#8221;12&#8243;]\n\n<h2>Privacy Policy<\/h2>\n<p>Privacy Policy<\/p>\n<p>\u00a71 Personal Data Administration<\/p>\n<ol>\n<li>\n<p>The controller of personal data is POKRYCKI SP\u00d3\u0141KA Z OGRANICZON\u0104 ODPOWIEDZIALNO\u015aCI\u0104 with its registered office in Warsaw, at 37\/58 Adama Mickiewicza Street, entered in the Register of Entrepreneurs of the National Court Register maintained by the District Court for the Capital City of Warsaw, 14th Commercial Division of the National Court Register, under KRS number 0000547724, NIP (Tax ID): 5252612550, REGON: 361008453, with a share capital of PLN 5.000.  <\/p>\n<\/li>\n<li>\n<p>Contact with the person supervising the processing of personal data in the organization is possible via e-mail at omega@vintagewatch.com, in writing to the address of the Controller, or by phone at 601 598 866.<\/p>\n<\/li>\n<li>\n<p>This Policy sets out the rules regarding the processing of personal data by the Controller on the Website, including the legal basis, purposes, and scope of personal data processing, as well as the rights of the data subjects.<\/p>\n<\/li>\n<li>\n<p>Personal data are processed by the Controller in compliance with applicable law, in particular with Regulation (EU) 2016\/679 of the European Parliament and of the Council of 27 April 2016 on the protection of natural persons with regard to the processing of personal data and on the free movement of such data, and repealing Directive 95\/46\/EC (General Data Protection Regulation, GDPR). Official text of the GDPR: <br>http:\/\/eur-lex.europa.eu\/legal-content\/PL\/TXT\/?uri=CELEX%3A32016R0679. <\/p>\n<\/li>\n<li>\n<p>The User\u2019s rights are not absolute and do not apply to all activities related to the processing of personal data.<\/p>\n<\/li>\n<\/ol>\n<p>\u00a72 Definitions<\/p>\n<ol>\n<li>\n<p>Controller \u2013 POKRYCKI SP\u00d3\u0141KA Z OGRANICZON\u0104 ODPOWIEDZIALNO\u015aCI\u0104 with its registered office in Warsaw, at 37\/58 Adama Mickiewicza Street, entered in the Register of Entrepreneurs of the National Court Register maintained by the District Court for the Capital City of Warsaw, 14th Commercial Division of the National Court Register, under KRS number 0000547724, NIP (Tax ID): 5252612550, REGON: 361008453, with a share capital of PLN 5.000.  <\/p>\n<\/li>\n<li>\n<p>Personal data \u2013 information about an identified or identifiable natural person, who can be identified directly or indirectly by reference to one or more specific factors determining their physical, physiological, genetic, mental, economic, cultural, or social identity, including the IP address of a device, online identifiers, and information collected via cookies or other similar technologies.<\/p>\n<\/li>\n<li>\n<p>Policy \u2013 this Privacy Policy.<\/p>\n<\/li>\n<li>\n<p>GDPR \/ General Data Protection Regulation \u2013 Regulation (EU) 2016\/679 of the European Parliament and of the Council of 27 April 2016 on the protection of natural persons with regard to the processing of personal data and on the free movement of such data, and repealing Directive 95\/46\/EC. <\/p>\n<\/li>\n<li>\n<p>Website \u2013 the online service operated by the Controller at omegavintagewatch.com\/.<\/p>\n<\/li>\n<li>\n<p>User \u2013 any natural person visiting the Website or using one or more of the services or functionalities described in this Policy.<\/p>\n<\/li>\n<\/ol>\n<p>\u00a73 Security<\/p>\n<ol>\n<li>\n<p>The Controller has implemented appropriate technical and organizational measures to ensure the security of personal data processing and, in particular, is responsible for and guarantees that the data collected by it are:<\/p>\n<ul>\n<li>\n<p>processed lawfully;<\/p>\n<\/li>\n<li>\n<p>collected for specified and legitimate purposes and not further processed in a manner incompatible with those purposes;<\/p>\n<\/li>\n<li>\n<p>factually correct and adequate in relation to the purposes for which they are processed;<\/p>\n<\/li>\n<li>\n<p>stored in a form that permits identification of the data subjects for no longer than is necessary to achieve the purpose of processing; and<\/p>\n<\/li>\n<li>\n<p>processed in a manner that ensures appropriate security of personal data, including protection against unauthorized or unlawful processing and against accidental loss, destruction, or damage, using suitable technical and organizational measures.<\/p>\n<\/li>\n<\/ul>\n<\/li>\n<\/ol>\n<p>\u00a74 Purposes and Legal Bases for Data Processing<\/p>\n<ol>\n<li>\n<p>Under Article 6(1)(a) of the GDPR (consent), personal data will be processed for the following purposes: <\/p>\n<ul>\n<li>\n<p>marketing of the Controller\u2019s and its partners\u2019 products and services,<\/p>\n<\/li>\n<li>\n<p>sending newsletters,<\/p>\n<\/li>\n<li>\n<p>moderating content on the Website,<\/p>\n<\/li>\n<li>\n<p>storing data in cookies and using cookies to ensure the proper functioning of the Website,<\/p>\n<\/li>\n<li>\n<p>providing product or service reviews,<\/p>\n<\/li>\n<li>\n<p>participation in webinars or online training sessions,<\/p>\n<\/li>\n<li>\n<p>communication via remote contact tools, in particular by phone, e-mail, or messaging applications.<\/p>\n<\/li>\n<\/ul>\n<\/li>\n<li>\n<p>Under Article 6(1)(b) of the GDPR (performance of a contract), personal data will be processed for the following purposes:<\/p>\n<ul>\n<li>\n<p>performance of a sales contract or a service agreement, or taking steps at the request of the data subject prior to or<\/p>\n<p>after entering into such an agreement, in particular for exercising warranty rights, handling complaints, or<\/p>\n<\/li>\n<li>\n<p>withdrawal from a distance contract.<\/p>\n<\/li>\n<\/ul>\n<\/li>\n<li>\n<p>Under Article 6(1)(c) of the GDPR (legal obligation of the Controller), personal data will be processed for the following purposes:<\/p>\n<ul>\n<li>\n<p>issuing and storing invoices, receipts, or fulfilling other obligations arising from tax and accounting regulations (including the archiving obligation for accounting documents).<\/p>\n<\/li>\n<li>\n<p>maintaining registers and other documentation required under GDPR provisions.<\/p>\n<\/li>\n<\/ul>\n<\/li>\n<li>\n<p>Under Article 6(1)(f) of the GDPR (legitimate interests of the Controller), personal data will be processed for the following purposes:<\/p>\n<ul>\n<li>\n<p>proper performance of the contract, processed for the duration of the contract and any rights arising from it (e.g. the right to file a complaint); data provision is voluntary but necessary, <\/p>\n<\/li>\n<li>\n<p>ensuring the security of the Website, managing it, and maintaining its proper operation,<\/p>\n<\/li>\n<li>\n<p>conducting statistics and analyzing traffic on the Website,<\/p>\n<\/li>\n<li>\n<p>direct marketing,<\/p>\n<\/li>\n<li>\n<p>stablishing, exercising, or defending legal claims by or against the Controller,<\/p>\n<\/li>\n<li>\n<p>communication with the User,<\/p>\n<\/li>\n<li>\n<p>operation of the omegavintagewatch.com Website,<\/p>\n<\/li>\n<li>\n<p>management of accounts on Instagram and Facebook and interaction with users of those platforms.<\/p>\n<\/li>\n<li>\n<p>Personal data may be disclosed to the following recipients or categories of recipients: courier companies, postal operators, law firms, accounting firms, IT service providers, and maintenance contractors. <\/p>\n<\/li>\n<\/ul>\n<\/li>\n<\/ol>\n<p>\u00a75 Profiling<\/p>\n<ol>\n<li>\n<p>The GDPR imposes on the Controller an obligation to inform data subjects about automated decision-making, including profiling as referred to in Article 22(1) and (4) of the GDPR, and \u2013 at least in such cases \u2013 to provide meaningful information about the logic involved, as well as the significance and the envisaged consequences of such processing for the data subject. Considering this, the Controller provides in this section of the Privacy Policy information regarding possible profiling.   <\/p>\n<\/li>\n<li>\n<p>The Controller may use profiling on the Website for marketing purposes, utilizing the personal data provided by the User.<\/p>\n<\/li>\n<li>\n<p>The data subject has the right not to be subject to a decision based solely on automated processing, including profiling, which produces legal effects concerning them or similarly significantly affects them.<\/p>\n<\/li>\n<\/ol>\n<p>\u00a76 Period of Personal Data Processing<\/p>\n<ol>\n<li>\n<p>The period of data processing by the Controller depends on the type of service provided and the purpose of processing. As a rule, data are processed for the duration of the service provision, until the consent given is withdrawn, or until a valid objection to data processing is lodged in cases where the legal basis for processing is the Controller\u2019s legitimate interest. <\/p>\n<\/li>\n<li>\n<p>The processing period may be extended if the processing is necessary for the establishment, exercise, or defense of potential claims, and thereafter only for as long as required by applicable law. After the processing period expires, the data are irreversibly deleted or anonymized. <\/p>\n<\/li>\n<\/ol>\n<p>\u00a77 User Rights<\/p>\n<ol>\n<li>\n<p>With regard to their personal data, the User has the following rights:<\/p>\n<ul>\n<li>\n<p>the right to access their personal data,<\/p>\n<\/li>\n<li>\n<p>the right to rectify personal data at any time,<\/p>\n<\/li>\n<li>\n<p>the right to erase their personal data at any time,<\/p>\n<\/li>\n<li>\n<p>the right to obtain a copy of their data,<\/p>\n<\/li>\n<li>\n<p>the right to restrict the processing of personal data,<\/p>\n<\/li>\n<li>\n<p>the right to object to the processing of personal data,<\/p>\n<\/li>\n<li>\n<p>the right to data portability,<\/p>\n<\/li>\n<li>\n<p>the right to withdraw consent; withdrawal of consent does not affect the lawfulness of processing carried out before its withdrawal,<\/p>\n<\/li>\n<li>\n<p>legitimate interest for marketing, direct marketing, or other non-marketing purposes,<\/p>\n<\/li>\n<li>\n<p>the right to lodge a complaint with a supervisory authority.<\/p>\n<\/li>\n<\/ul>\n<\/li>\n<\/ol>\n<p>\u00a78 Odbiorcy danych osobowych<\/p>\n<ol>\n<li>\n<p>Administrator w celu prawid\u0142owego prowadzenia Serwisu przekazuje dane osobowe U\u017cytkownika innym podmiotom zewn\u0119trznym, w szczeg\u00f3lno\u015bci: Firma hostingowa, firmy kurierskie, operator pocztowy, operatorzy p\u0142atno\u015bci, banki.<br><\/p>\n<\/li>\n<li>\n<p>Administrator zastrzega sobie prawo do ujawnienia danych osobowych w sytuacji, gdy b\u0119dzie to wynika\u0107 z obowi\u0105zuj\u0105cych przepis\u00f3w prawa, w tym obowi\u0105zek przekazania informacji do w\u0142a\u015bciwych organ\u00f3w administracyjnych lub organ\u00f3w \u015bcigania.<br><\/p>\n<\/li>\n<\/ol>\n<p>\u00a79 Przekazywanie danych osobowych poza EOG<br><\/p>\n<ol>\n<li>\n<p>Poziom ochrony Danych osobowych poza Europejskim Obszarem Gospodarczym (EOG) r\u00f3\u017cni si\u0119 od tego zapewnianego przez prawo europejskie. Z tego powodu Administrator przekazuje Dane osobowe poza EOG tylko wtedy, gdy jest to konieczne, w szczeg\u00f3lno\u015bci, gdy korzysta z us\u0142ug podmiotu mi\u0119dzynarodowego. Zawsze jednak zapewnia odpowiedni stopie\u0144 ochrony, przede wszystkim poprzez:  <\/p>\n<ul>\n<li>\n<p>wsp\u00f3\u0142prac\u0119 z podmiotami przetwarzaj\u0105cymi Dane osobowe w pa\u0144stwach, w odniesieniu do kt\u00f3rych zosta\u0142a wydana stosowna decyzja Komisji Europejskiej dotycz\u0105ca stwierdzenia zapewnienia odpowiedniego stopnia ochrony Danych osobowych;<\/p>\n<\/li>\n<li>\n<p>stosowanie wi\u0105\u017c\u0105cych regu\u0142 korporacyjnych zatwierdzonych przez mi\u0119dzynarodowe normy certyfikacyjne i w\u0142a\u015bciwy organ nadzorczy;<\/p>\n<\/li>\n<li>\n<p>stosowanie standardowych klauzul umownych wydanych przez Komisj\u0119 Europejsk\u0105 na podstawie art. 46 RODO. <\/p>\n<\/li>\n<li>\n<p>Dane osobowe mog\u0105 by\u0107 r\u00f3wnie\u017c przekazywane poza obszar EOG na podstawie zgody U\u017cytkownika. U\u017cytkownik jest wcze\u015bniej o tym zdarzeniu informowany. <\/p>\n<\/li>\n<\/ul>\n<\/li>\n<\/ol>\n<p>\u00a710 Security of Personal Data<\/p>\n<ol>\n<li>\n<p>The Controller continuously conducts risk analyses to ensure that personal data are processed securely. In particular, the Controller ensures that access to data is granted only to authorized persons and only to the extent necessary for the performance of their duties. <\/p>\n<\/li>\n<li>\n<p>The Controller is obliged to take all legally permitted actions to ensure that all operations involving personal data are recorded and carried out only by authorized entities.<\/p>\n<\/li>\n<li>\n<p>The Controller is also required to ensure that any entities cooperating with the Controller provide guarantees of applying appropriate security measures whenever they process personal data on behalf of the Controller.<\/p>\n<\/li>\n<\/ol>\n<p>\u00a711 Changes to the Privacy Policy<\/p>\n<ol>\n<li>\n<p>The Policy is continuously reviewed and updated.<\/p>\n<\/li>\n<li>\n<p>The current version of the Policy was adopted and has been in force since 2024-08-01.<\/p>\n<\/li>\n<\/ol>\n\n[\/col]\n\n[\/row]\n\n","protected":false},"excerpt":{"rendered":"","protected":false},"author":4,"featured_media":10292,"parent":0,"menu_order":0,"comment_status":"closed","ping_status":"closed","template":"","meta":{"footnotes":""},"class_list":["post-10291","page","type-page","status-publish","has-post-thumbnail","hentry"],"yoast_head":"<!-- This site is optimized with the Yoast SEO plugin v27.1.1 - https:\/\/yoast.com\/product\/yoast-seo-wordpress\/ -->\n<title>Terms &amp; Privacy - omegavintagewatch.com<\/title>\n<meta name=\"robots\" content=\"index, follow, max-snippet:-1, max-image-preview:large, max-video-preview:-1\" \/>\n<link rel=\"canonical\" href=\"https:\/\/omegavintagewatch.com\/en\/terms-privacy\/\" \/>\n<meta property=\"og:locale\" content=\"en_US\" \/>\n<meta property=\"og:type\" content=\"article\" \/>\n<meta property=\"og:title\" content=\"Terms &amp; Privacy - omegavintagewatch.com\" \/>\n<meta property=\"og:url\" content=\"https:\/\/omegavintagewatch.com\/en\/terms-privacy\/\" \/>\n<meta property=\"og:site_name\" content=\"omegavintagewatch.com\" \/>\n<meta property=\"article:publisher\" content=\"https:\/\/www.facebook.com\/OmegaVintageWatchcom\" \/>\n<meta property=\"article:modified_time\" content=\"2025-12-08T17:06:13+00:00\" \/>\n<meta property=\"og:image\" content=\"https:\/\/omegavintagewatch.com\/wp-content\/uploads\/2025\/01\/Home-Decor-Shop-terms-privacy.jpg\" \/>\n\t<meta property=\"og:image:width\" content=\"400\" \/>\n\t<meta property=\"og:image:height\" content=\"380\" \/>\n\t<meta property=\"og:image:type\" content=\"image\/jpeg\" \/>\n<meta name=\"twitter:card\" content=\"summary_large_image\" \/>\n<meta name=\"twitter:label1\" content=\"Est. reading time\" \/>\n\t<meta name=\"twitter:data1\" content=\"8 minutes\" \/>\n<script type=\"application\/ld+json\" class=\"yoast-schema-graph\">{\"@context\":\"https:\/\/schema.org\",\"@graph\":[{\"@type\":\"WebPage\",\"@id\":\"https:\/\/omegavintagewatch.com\/en\/terms-privacy\/\",\"url\":\"https:\/\/omegavintagewatch.com\/en\/terms-privacy\/\",\"name\":\"Terms &amp; Privacy - omegavintagewatch.com\",\"isPartOf\":{\"@id\":\"https:\/\/omegavintagewatch.com\/en\/#website\"},\"primaryImageOfPage\":{\"@id\":\"https:\/\/omegavintagewatch.com\/en\/terms-privacy\/#primaryimage\"},\"image\":{\"@id\":\"https:\/\/omegavintagewatch.com\/en\/terms-privacy\/#primaryimage\"},\"thumbnailUrl\":\"https:\/\/omegavintagewatch.com\/wp-content\/uploads\/2025\/01\/Home-Decor-Shop-terms-privacy.jpg\",\"datePublished\":\"2025-01-09T13:45:35+00:00\",\"dateModified\":\"2025-12-08T17:06:13+00:00\",\"breadcrumb\":{\"@id\":\"https:\/\/omegavintagewatch.com\/en\/terms-privacy\/#breadcrumb\"},\"inLanguage\":\"en-US\",\"potentialAction\":[{\"@type\":\"ReadAction\",\"target\":[\"https:\/\/omegavintagewatch.com\/en\/terms-privacy\/\"]}]},{\"@type\":\"ImageObject\",\"inLanguage\":\"en-US\",\"@id\":\"https:\/\/omegavintagewatch.com\/en\/terms-privacy\/#primaryimage\",\"url\":\"https:\/\/omegavintagewatch.com\/wp-content\/uploads\/2025\/01\/Home-Decor-Shop-terms-privacy.jpg\",\"contentUrl\":\"https:\/\/omegavintagewatch.com\/wp-content\/uploads\/2025\/01\/Home-Decor-Shop-terms-privacy.jpg\",\"width\":400,\"height\":380},{\"@type\":\"BreadcrumbList\",\"@id\":\"https:\/\/omegavintagewatch.com\/en\/terms-privacy\/#breadcrumb\",\"itemListElement\":[{\"@type\":\"ListItem\",\"position\":1,\"name\":\"Home\",\"item\":\"https:\/\/omegavintagewatch.com\/en\/\"},{\"@type\":\"ListItem\",\"position\":2,\"name\":\"Terms &amp; Privacy\"}]},{\"@type\":\"WebSite\",\"@id\":\"https:\/\/omegavintagewatch.com\/en\/#website\",\"url\":\"https:\/\/omegavintagewatch.com\/en\/\",\"name\":\"omegavintagewatch.com\",\"description\":\"Timeless Treasures\",\"publisher\":{\"@id\":\"https:\/\/omegavintagewatch.com\/en\/#organization\"},\"potentialAction\":[{\"@type\":\"SearchAction\",\"target\":{\"@type\":\"EntryPoint\",\"urlTemplate\":\"https:\/\/omegavintagewatch.com\/en\/?s={search_term_string}\"},\"query-input\":{\"@type\":\"PropertyValueSpecification\",\"valueRequired\":true,\"valueName\":\"search_term_string\"}}],\"inLanguage\":\"en-US\"},{\"@type\":\"Organization\",\"@id\":\"https:\/\/omegavintagewatch.com\/en\/#organization\",\"name\":\"omegavintagewatch.com\",\"url\":\"https:\/\/omegavintagewatch.com\/en\/\",\"logo\":{\"@type\":\"ImageObject\",\"inLanguage\":\"en-US\",\"@id\":\"https:\/\/omegavintagewatch.com\/en\/#\/schema\/logo\/image\/\",\"url\":\"https:\/\/omegavintagewatch.com\/wp-content\/uploads\/2024\/07\/omega-vintage-watch-logo-poziom-kopia.png\",\"contentUrl\":\"https:\/\/omegavintagewatch.com\/wp-content\/uploads\/2024\/07\/omega-vintage-watch-logo-poziom-kopia.png\",\"width\":2920,\"height\":288,\"caption\":\"omegavintagewatch.com\"},\"image\":{\"@id\":\"https:\/\/omegavintagewatch.com\/en\/#\/schema\/logo\/image\/\"},\"sameAs\":[\"https:\/\/www.facebook.com\/OmegaVintageWatchcom\",\"https:\/\/www.instagram.com\/omegavintagewatch\/\"]}]}<\/script>\n<!-- \/ Yoast SEO plugin. -->","yoast_head_json":{"title":"Terms &amp; Privacy - omegavintagewatch.com","robots":{"index":"index","follow":"follow","max-snippet":"max-snippet:-1","max-image-preview":"max-image-preview:large","max-video-preview":"max-video-preview:-1"},"canonical":"https:\/\/omegavintagewatch.com\/en\/terms-privacy\/","og_locale":"en_US","og_type":"article","og_title":"Terms &amp; Privacy - omegavintagewatch.com","og_url":"https:\/\/omegavintagewatch.com\/en\/terms-privacy\/","og_site_name":"omegavintagewatch.com","article_publisher":"https:\/\/www.facebook.com\/OmegaVintageWatchcom","article_modified_time":"2025-12-08T17:06:13+00:00","og_image":[{"width":400,"height":380,"url":"https:\/\/omegavintagewatch.com\/wp-content\/uploads\/2025\/01\/Home-Decor-Shop-terms-privacy.jpg","type":"image\/jpeg"}],"twitter_card":"summary_large_image","twitter_misc":{"Est. reading time":"8 minutes"},"schema":{"@context":"https:\/\/schema.org","@graph":[{"@type":"WebPage","@id":"https:\/\/omegavintagewatch.com\/en\/terms-privacy\/","url":"https:\/\/omegavintagewatch.com\/en\/terms-privacy\/","name":"Terms &amp; Privacy - omegavintagewatch.com","isPartOf":{"@id":"https:\/\/omegavintagewatch.com\/en\/#website"},"primaryImageOfPage":{"@id":"https:\/\/omegavintagewatch.com\/en\/terms-privacy\/#primaryimage"},"image":{"@id":"https:\/\/omegavintagewatch.com\/en\/terms-privacy\/#primaryimage"},"thumbnailUrl":"https:\/\/omegavintagewatch.com\/wp-content\/uploads\/2025\/01\/Home-Decor-Shop-terms-privacy.jpg","datePublished":"2025-01-09T13:45:35+00:00","dateModified":"2025-12-08T17:06:13+00:00","breadcrumb":{"@id":"https:\/\/omegavintagewatch.com\/en\/terms-privacy\/#breadcrumb"},"inLanguage":"en-US","potentialAction":[{"@type":"ReadAction","target":["https:\/\/omegavintagewatch.com\/en\/terms-privacy\/"]}]},{"@type":"ImageObject","inLanguage":"en-US","@id":"https:\/\/omegavintagewatch.com\/en\/terms-privacy\/#primaryimage","url":"https:\/\/omegavintagewatch.com\/wp-content\/uploads\/2025\/01\/Home-Decor-Shop-terms-privacy.jpg","contentUrl":"https:\/\/omegavintagewatch.com\/wp-content\/uploads\/2025\/01\/Home-Decor-Shop-terms-privacy.jpg","width":400,"height":380},{"@type":"BreadcrumbList","@id":"https:\/\/omegavintagewatch.com\/en\/terms-privacy\/#breadcrumb","itemListElement":[{"@type":"ListItem","position":1,"name":"Home","item":"https:\/\/omegavintagewatch.com\/en\/"},{"@type":"ListItem","position":2,"name":"Terms &amp; Privacy"}]},{"@type":"WebSite","@id":"https:\/\/omegavintagewatch.com\/en\/#website","url":"https:\/\/omegavintagewatch.com\/en\/","name":"omegavintagewatch.com","description":"Timeless Treasures","publisher":{"@id":"https:\/\/omegavintagewatch.com\/en\/#organization"},"potentialAction":[{"@type":"SearchAction","target":{"@type":"EntryPoint","urlTemplate":"https:\/\/omegavintagewatch.com\/en\/?s={search_term_string}"},"query-input":{"@type":"PropertyValueSpecification","valueRequired":true,"valueName":"search_term_string"}}],"inLanguage":"en-US"},{"@type":"Organization","@id":"https:\/\/omegavintagewatch.com\/en\/#organization","name":"omegavintagewatch.com","url":"https:\/\/omegavintagewatch.com\/en\/","logo":{"@type":"ImageObject","inLanguage":"en-US","@id":"https:\/\/omegavintagewatch.com\/en\/#\/schema\/logo\/image\/","url":"https:\/\/omegavintagewatch.com\/wp-content\/uploads\/2024\/07\/omega-vintage-watch-logo-poziom-kopia.png","contentUrl":"https:\/\/omegavintagewatch.com\/wp-content\/uploads\/2024\/07\/omega-vintage-watch-logo-poziom-kopia.png","width":2920,"height":288,"caption":"omegavintagewatch.com"},"image":{"@id":"https:\/\/omegavintagewatch.com\/en\/#\/schema\/logo\/image\/"},"sameAs":["https:\/\/www.facebook.com\/OmegaVintageWatchcom","https:\/\/www.instagram.com\/omegavintagewatch\/"]}]}},"_links":{"self":[{"href":"https:\/\/omegavintagewatch.com\/en\/wp-json\/wp\/v2\/pages\/10291","targetHints":{"allow":["GET"]}}],"collection":[{"href":"https:\/\/omegavintagewatch.com\/en\/wp-json\/wp\/v2\/pages"}],"about":[{"href":"https:\/\/omegavintagewatch.com\/en\/wp-json\/wp\/v2\/types\/page"}],"author":[{"embeddable":true,"href":"https:\/\/omegavintagewatch.com\/en\/wp-json\/wp\/v2\/users\/4"}],"replies":[{"embeddable":true,"href":"https:\/\/omegavintagewatch.com\/en\/wp-json\/wp\/v2\/comments?post=10291"}],"version-history":[{"count":3,"href":"https:\/\/omegavintagewatch.com\/en\/wp-json\/wp\/v2\/pages\/10291\/revisions"}],"predecessor-version":[{"id":10295,"href":"https:\/\/omegavintagewatch.com\/en\/wp-json\/wp\/v2\/pages\/10291\/revisions\/10295"}],"wp:featuredmedia":[{"embeddable":true,"href":"https:\/\/omegavintagewatch.com\/en\/wp-json\/wp\/v2\/media\/10292"}],"wp:attachment":[{"href":"https:\/\/omegavintagewatch.com\/en\/wp-json\/wp\/v2\/media?parent=10291"}],"curies":[{"name":"wp","href":"https:\/\/api.w.org\/{rel}","templated":true}]}}